{"id":1981,"date":"2024-02-01T13:33:27","date_gmt":"2024-02-01T12:33:27","guid":{"rendered":"https:\/\/fleuryloirethandball.com\/?page_id=1981"},"modified":"2026-04-17T22:30:54","modified_gmt":"2026-04-17T20:30:54","slug":"actualites","status":"publish","type":"page","link":"https:\/\/fleuryloirethandball.com\/?page_id=1981","title":{"rendered":"Actualit\u00e9s"},"content":{"rendered":"\t\t<div data-elementor-type=\"wp-page\" data-elementor-id=\"1981\" class=\"elementor elementor-1981\">\n\t\t\t\t\t\t<section class=\"elementor-section elementor-top-section elementor-element elementor-element-6c7efb0b elementor-section-full_width elementor-section-height-min-height elementor-section-height-default elementor-section-items-middle\" data-id=\"6c7efb0b\" data-element_type=\"section\" data-e-type=\"section\" data-settings=\"{&quot;background_background&quot;:&quot;classic&quot;}\">\n\t\t\t\t\t\t<div class=\"elementor-container elementor-column-gap-default\">\n\t\t\t\t\t<div class=\"elementor-column elementor-col-100 elementor-top-column elementor-element elementor-element-145d667f\" data-id=\"145d667f\" data-element_type=\"column\" data-e-type=\"column\">\n\t\t\t<div class=\"elementor-widget-wrap elementor-element-populated\">\n\t\t\t\t\t\t<div class=\"elementor-element elementor-element-d6926d5 elementor-absolute elementor-widget elementor-widget-heading\" data-id=\"d6926d5\" data-element_type=\"widget\" data-e-type=\"widget\" data-settings=\"{&quot;_position&quot;:&quot;absolute&quot;}\" data-widget_type=\"heading.default\">\n\t\t\t\t<div class=\"elementor-widget-container\">\n\t\t\t\t\t<h1 class=\"elementor-heading-title elementor-size-default\">FLHB<\/h1>\t\t\t\t<\/div>\n\t\t\t\t<\/div>\n\t\t\t\t<div class=\"elementor-element elementor-element-545df62a eael-dual-header-content-align-center elementor-widget elementor-widget-eael-dual-color-header\" data-id=\"545df62a\" data-element_type=\"widget\" data-e-type=\"widget\" data-widget_type=\"eael-dual-color-header.default\">\n\t\t\t\t<div class=\"elementor-widget-container\">\n\t\t\t\t\t\t\t\t<div class=\"eael-dual-header\">\n\t\t\t\t<h1 class=\"title eael-dch-title\"><span class=\"eael-dch-title-text eael-dch-title-lead lead solid-color\">Les <\/span> <span class=\"eael-dch-title-text\">actualit\u00e9s<\/span><\/h1>\t\t\t\t\t<span class=\"subtext\"><p>Retrouvez toutes les actualit\u00e9s du Fleury Loiret Handball, les communiqu\u00e9s de presse, des articles de presse&#8230;<\/p><\/span>\n\t\t\t\t\t\t\t<\/div>\n\n\t\t\t\t\t\t<\/div>\n\t\t\t\t<\/div>\n\t\t\t\t\t<\/div>\n\t\t<\/div>\n\t\t\t\t\t<\/div>\n\t\t<\/section>\n\t\t<div class=\"elementor-element elementor-element-e15b479 e-flex e-con-boxed e-con e-parent\" data-id=\"e15b479\" data-element_type=\"container\" data-e-type=\"container\" data-settings=\"{&quot;shape_divider_top&quot;:&quot;tilt&quot;}\">\n\t\t\t\t\t<div class=\"e-con-inner\">\n\t\t\t\t<div class=\"elementor-shape elementor-shape-top\" aria-hidden=\"true\" data-negative=\"false\">\n\t\t\t<svg xmlns=\"http:\/\/www.w3.org\/2000\/svg\" viewBox=\"0 0 1000 100\" preserveAspectRatio=\"none\">\n\t<path class=\"elementor-shape-fill\" d=\"M0,6V0h1000v100L0,6z\"\/>\n<\/svg>\t\t<\/div>\n\t\t<div class=\"elementor-element elementor-element-fc6b977 e-con-full e-flex e-con e-child\" data-id=\"fc6b977\" data-element_type=\"container\" data-e-type=\"container\">\n\t\t\t\t<div class=\"elementor-element elementor-element-b111e40 elementor-widget elementor-widget-heading\" data-id=\"b111e40\" data-element_type=\"widget\" data-e-type=\"widget\" data-widget_type=\"heading.default\">\n\t\t\t\t<div class=\"elementor-widget-container\">\n\t\t\t\t\t<h2 class=\"elementor-heading-title elementor-size-default\"> <\/h2>\t\t\t\t<\/div>\n\t\t\t\t<\/div>\n\t\t\t\t<\/div>\n\t\t\t\t\t<\/div>\n\t\t\t\t<\/div>\n\t\t<div class=\"elementor-element elementor-element-5c9e140 e-flex e-con-boxed e-con e-parent\" data-id=\"5c9e140\" data-element_type=\"container\" data-e-type=\"container\">\n\t\t\t\t\t<div class=\"e-con-inner\">\n\t\t<div class=\"elementor-element elementor-element-174fb93 e-con-full e-flex e-con e-child\" data-id=\"174fb93\" data-element_type=\"container\" data-e-type=\"container\">\n\t\t\t\t<div class=\"elementor-element elementor-element-8c64f24 elementor-widget__width-initial elementor-widget elementor-widget-image\" data-id=\"8c64f24\" data-element_type=\"widget\" data-e-type=\"widget\" data-widget_type=\"image.default\">\n\t\t\t\t<div class=\"elementor-widget-container\">\n\t\t\t\t\t\t\t\t\t\t\t\t\t\t\t<img fetchpriority=\"high\" decoding=\"async\" width=\"819\" height=\"1024\" src=\"https:\/\/fleuryloirethandball.com\/wp-content\/uploads\/2026\/04\/n1-819x1024.jpeg\" class=\"attachment-large size-large wp-image-4306\" alt=\"\" srcset=\"https:\/\/fleuryloirethandball.com\/wp-content\/uploads\/2026\/04\/n1-819x1024.jpeg 819w, https:\/\/fleuryloirethandball.com\/wp-content\/uploads\/2026\/04\/n1-240x300.jpeg 240w, https:\/\/fleuryloirethandball.com\/wp-content\/uploads\/2026\/04\/n1-768x960.jpeg 768w, https:\/\/fleuryloirethandball.com\/wp-content\/uploads\/2026\/04\/n1-600x750.jpeg 600w, https:\/\/fleuryloirethandball.com\/wp-content\/uploads\/2026\/04\/n1.jpeg 1080w\" sizes=\"(max-width: 819px) 100vw, 819px\" \/>\t\t\t\t\t\t\t\t\t\t\t\t\t\t\t<\/div>\n\t\t\t\t<\/div>\n\t\t\t\t<div class=\"elementor-element elementor-element-0a090d1 elementor-widget elementor-widget-heading\" data-id=\"0a090d1\" data-element_type=\"widget\" data-e-type=\"widget\" data-widget_type=\"heading.default\">\n\t\t\t\t<div class=\"elementor-widget-container\">\n\t\t\t\t\t<h2 class=\"elementor-heading-title elementor-size-default\">EVENEMENT<\/h2>\t\t\t\t<\/div>\n\t\t\t\t<\/div>\n\t\t\t\t<div class=\"elementor-element elementor-element-30f8d66 elementor-widget elementor-widget-text-editor\" data-id=\"30f8d66\" data-element_type=\"widget\" data-e-type=\"widget\" data-widget_type=\"text-editor.default\">\n\t\t\t\t<div class=\"elementor-widget-container\">\n\t\t\t\t\t\t\t\t\t<p>Les panth\u00e8res seront en d\u00e9placement face au leader.\u00a0<\/p><p>Un gros match les attend !<\/p><p>Allez les filles<\/p>\t\t\t\t\t\t\t\t<\/div>\n\t\t\t\t<\/div>\n\t\t\t\t<\/div>\n\t\t<div class=\"elementor-element elementor-element-9fba962 e-con-full e-flex e-con e-child\" data-id=\"9fba962\" data-element_type=\"container\" data-e-type=\"container\">\n\t\t\t\t<div class=\"elementor-element elementor-element-a7a7183 elementor-widget__width-initial elementor-widget elementor-widget-image\" data-id=\"a7a7183\" data-element_type=\"widget\" data-e-type=\"widget\" data-widget_type=\"image.default\">\n\t\t\t\t<div class=\"elementor-widget-container\">\n\t\t\t\t\t\t\t\t\t\t\t\t\t\t\t<img decoding=\"async\" width=\"819\" height=\"1024\" src=\"https:\/\/fleuryloirethandball.com\/wp-content\/uploads\/2026\/04\/n2-819x1024.jpeg\" class=\"attachment-large size-large wp-image-4305\" alt=\"\" srcset=\"https:\/\/fleuryloirethandball.com\/wp-content\/uploads\/2026\/04\/n2-819x1024.jpeg 819w, https:\/\/fleuryloirethandball.com\/wp-content\/uploads\/2026\/04\/n2-240x300.jpeg 240w, https:\/\/fleuryloirethandball.com\/wp-content\/uploads\/2026\/04\/n2-768x960.jpeg 768w, https:\/\/fleuryloirethandball.com\/wp-content\/uploads\/2026\/04\/n2-600x750.jpeg 600w, https:\/\/fleuryloirethandball.com\/wp-content\/uploads\/2026\/04\/n2.jpeg 1080w\" sizes=\"(max-width: 819px) 100vw, 819px\" \/>\t\t\t\t\t\t\t\t\t\t\t\t\t\t\t<\/div>\n\t\t\t\t<\/div>\n\t\t\t\t<div class=\"elementor-element elementor-element-51fe827 elementor-widget elementor-widget-heading\" data-id=\"51fe827\" data-element_type=\"widget\" data-e-type=\"widget\" data-widget_type=\"heading.default\">\n\t\t\t\t<div class=\"elementor-widget-container\">\n\t\t\t\t\t<h2 class=\"elementor-heading-title elementor-size-default\">EVENEMENT<\/h2>\t\t\t\t<\/div>\n\t\t\t\t<\/div>\n\t\t\t\t<div class=\"elementor-element elementor-element-b616bbf elementor-widget elementor-widget-text-editor\" data-id=\"b616bbf\" data-element_type=\"widget\" data-e-type=\"widget\" data-widget_type=\"text-editor.default\">\n\t\t\t\t<div class=\"elementor-widget-container\">\n\t\t\t\t\t\t\t\t\t<p>La national 2 retrouve la salle Albert Auger pour un match engag\u00e9. Venez nombreux les encourager !<\/p>\t\t\t\t\t\t\t\t<\/div>\n\t\t\t\t<\/div>\n\t\t\t\t<\/div>\n\t\t<div class=\"elementor-element elementor-element-624adec e-con-full e-flex e-con e-child\" data-id=\"624adec\" data-element_type=\"container\" data-e-type=\"container\">\n\t\t\t\t<div class=\"elementor-element elementor-element-6f7ef96 elementor-widget__width-initial elementor-widget elementor-widget-image\" data-id=\"6f7ef96\" data-element_type=\"widget\" data-e-type=\"widget\" data-widget_type=\"image.default\">\n\t\t\t\t<div class=\"elementor-widget-container\">\n\t\t\t\t\t\t\t\t\t\t\t\t\t\t\t<img decoding=\"async\" width=\"576\" height=\"1024\" src=\"https:\/\/fleuryloirethandball.com\/wp-content\/uploads\/2025\/12\/WhatsApp-Image-2025-12-07-a-13.17.59_d5822685-576x1024.jpg\" class=\"attachment-large size-large wp-image-3858\" alt=\"\" srcset=\"https:\/\/fleuryloirethandball.com\/wp-content\/uploads\/2025\/12\/WhatsApp-Image-2025-12-07-a-13.17.59_d5822685-576x1024.jpg 576w, https:\/\/fleuryloirethandball.com\/wp-content\/uploads\/2025\/12\/WhatsApp-Image-2025-12-07-a-13.17.59_d5822685-169x300.jpg 169w, https:\/\/fleuryloirethandball.com\/wp-content\/uploads\/2025\/12\/WhatsApp-Image-2025-12-07-a-13.17.59_d5822685-768x1365.jpg 768w, https:\/\/fleuryloirethandball.com\/wp-content\/uploads\/2025\/12\/WhatsApp-Image-2025-12-07-a-13.17.59_d5822685-864x1536.jpg 864w, https:\/\/fleuryloirethandball.com\/wp-content\/uploads\/2025\/12\/WhatsApp-Image-2025-12-07-a-13.17.59_d5822685-600x1067.jpg 600w, https:\/\/fleuryloirethandball.com\/wp-content\/uploads\/2025\/12\/WhatsApp-Image-2025-12-07-a-13.17.59_d5822685.jpg 900w\" sizes=\"(max-width: 576px) 100vw, 576px\" \/>\t\t\t\t\t\t\t\t\t\t\t\t\t\t\t<\/div>\n\t\t\t\t<\/div>\n\t\t\t\t<div class=\"elementor-element elementor-element-261d7b4 elementor-widget elementor-widget-heading\" data-id=\"261d7b4\" data-element_type=\"widget\" data-e-type=\"widget\" data-widget_type=\"heading.default\">\n\t\t\t\t<div class=\"elementor-widget-container\">\n\t\t\t\t\t<h2 class=\"elementor-heading-title elementor-size-default\">BOUTIQUE<\/h2>\t\t\t\t<\/div>\n\t\t\t\t<\/div>\n\t\t\t\t<div class=\"elementor-element elementor-element-1373a2a elementor-widget elementor-widget-text-editor\" data-id=\"1373a2a\" data-element_type=\"widget\" data-e-type=\"widget\" data-widget_type=\"text-editor.default\">\n\t\t\t\t<div class=\"elementor-widget-container\">\n\t\t\t\t\t\t\t\t\t<p>Ca y est la boutique du club est de retour !! Profitez pour y jeter un coup d&rsquo;oeil et faire des cadeaux\u00a0<\/p><p><a href=\"https:\/\/app.grinta.eu\/fleury-loiret-handball\/adult\/officiel\">https:\/\/app.grinta.eu\/fleury-loiret-handball\/adult\/officiel<\/a><\/p>\t\t\t\t\t\t\t\t<\/div>\n\t\t\t\t<\/div>\n\t\t\t\t<\/div>\n\t\t<div class=\"elementor-element elementor-element-815ded6 e-con-full e-flex e-con e-child\" data-id=\"815ded6\" data-element_type=\"container\" data-e-type=\"container\">\n\t\t\t\t<div class=\"elementor-element elementor-element-ccacb3b elementor-widget elementor-widget-heading\" data-id=\"ccacb3b\" data-element_type=\"widget\" data-e-type=\"widget\" data-widget_type=\"heading.default\">\n\t\t\t\t<div class=\"elementor-widget-container\">\n\t\t\t\t\t<h2 class=\"elementor-heading-title elementor-size-default\"> <\/h2>\t\t\t\t<\/div>\n\t\t\t\t<\/div>\n\t\t\t\t<\/div>\n\t\t<div class=\"elementor-element elementor-element-e56c6b7 e-con-full e-flex e-con e-child\" data-id=\"e56c6b7\" data-element_type=\"container\" data-e-type=\"container\">\n\t\t\t\t<\/div>\n\t\t\t\t\t<\/div>\n\t\t\t\t<\/div>\n\t\t<div class=\"elementor-element elementor-element-61c8dc6 e-flex e-con-boxed e-con e-parent\" data-id=\"61c8dc6\" data-element_type=\"container\" data-e-type=\"container\">\n\t\t\t\t\t<div class=\"e-con-inner\">\n\t\t\t\t\t<\/div>\n\t\t\t\t<\/div>\n\t\t\t\t<\/div>\n\t\t","protected":false},"excerpt":{"rendered":"<p>FLHB Les actualit\u00e9s Retrouvez toutes les actualit\u00e9s du Fleury Loiret Handball, les communiqu\u00e9s de presse, des articles de presse&#8230; EVENEMENT Les panth\u00e8res seront en d\u00e9placement face au leader.\u00a0 Un gros match les attend ! Allez les filles EVENEMENT La national 2 retrouve la salle Albert Auger pour un match engag\u00e9. Venez nombreux les encourager ! [&hellip;]<\/p>\n","protected":false},"author":1,"featured_media":0,"parent":0,"menu_order":0,"comment_status":"closed","ping_status":"closed","template":"elementor_header_footer","meta":{"_eb_attr":"","footnotes":""},"class_list":["post-1981","page","type-page","status-publish","hentry","entry","owp-thumbs-layout-horizontal","owp-btn-normal","owp-tabs-layout-horizontal","has-no-thumbnails","has-product-nav"],"jetpack_sharing_enabled":true,"_links":{"self":[{"href":"https:\/\/fleuryloirethandball.com\/index.php?rest_route=\/wp\/v2\/pages\/1981","targetHints":{"allow":["GET"]}}],"collection":[{"href":"https:\/\/fleuryloirethandball.com\/index.php?rest_route=\/wp\/v2\/pages"}],"about":[{"href":"https:\/\/fleuryloirethandball.com\/index.php?rest_route=\/wp\/v2\/types\/page"}],"author":[{"embeddable":true,"href":"https:\/\/fleuryloirethandball.com\/index.php?rest_route=\/wp\/v2\/users\/1"}],"replies":[{"embeddable":true,"href":"https:\/\/fleuryloirethandball.com\/index.php?rest_route=%2Fwp%2Fv2%2Fcomments&post=1981"}],"version-history":[{"count":208,"href":"https:\/\/fleuryloirethandball.com\/index.php?rest_route=\/wp\/v2\/pages\/1981\/revisions"}],"predecessor-version":[{"id":4309,"href":"https:\/\/fleuryloirethandball.com\/index.php?rest_route=\/wp\/v2\/pages\/1981\/revisions\/4309"}],"wp:attachment":[{"href":"https:\/\/fleuryloirethandball.com\/index.php?rest_route=%2Fwp%2Fv2%2Fmedia&parent=1981"}],"curies":[{"name":"wp","href":"https:\/\/api.w.org\/{rel}","templated":true}]}}