{"id":2909,"date":"2024-12-09T11:17:09","date_gmt":"2024-12-09T10:17:09","guid":{"rendered":"https:\/\/fleuryloirethandball.com\/?post_type=product&#038;p=2909"},"modified":"2024-12-09T11:17:10","modified_gmt":"2024-12-09T10:17:10","slug":"echarpe-de-supporter","status":"publish","type":"product","link":"https:\/\/fleuryloirethandball.com\/?product=echarpe-de-supporter","title":{"rendered":"\u00c9charpe de supporter"},"content":{"rendered":"<p>Encouragez vos \u00e9quipes favorites \u00e0 Albert Auger en arborant fi\u00e8rement votre \u00e9charpe de supporter !\ud83e\udde3<\/p>\n","protected":false},"excerpt":{"rendered":"<p>Encouragez vos \u00e9quipes favorites \u00e0 Albert Auger en arborant fi\u00e8rement votre \u00e9charpe de supporter !\ud83e\udde3<\/p>\n","protected":false},"featured_media":2910,"comment_status":"open","ping_status":"closed","template":"","meta":{"_eb_attr":""},"product_brand":[],"product_cat":[43],"product_tag":[],"class_list":{"0":"post-2909","1":"product","2":"type-product","3":"status-publish","4":"has-post-thumbnail","6":"product_cat-accessoires","8":"entry","9":"has-media","11":"first","12":"instock","13":"shipping-taxable","14":"purchasable","15":"product-type-simple","16":"has-product-nav","17":"col","18":"span_1_of_3","19":"owp-content-center","20":"owp-thumbs-layout-horizontal","21":"owp-btn-normal","22":"owp-tabs-layout-horizontal","23":"has-no-thumbnails"},"jetpack_sharing_enabled":true,"_links":{"self":[{"href":"https:\/\/fleuryloirethandball.com\/index.php?rest_route=\/wp\/v2\/product\/2909","targetHints":{"allow":["GET"]}}],"collection":[{"href":"https:\/\/fleuryloirethandball.com\/index.php?rest_route=\/wp\/v2\/product"}],"about":[{"href":"https:\/\/fleuryloirethandball.com\/index.php?rest_route=\/wp\/v2\/types\/product"}],"replies":[{"embeddable":true,"href":"https:\/\/fleuryloirethandball.com\/index.php?rest_route=%2Fwp%2Fv2%2Fcomments&post=2909"}],"wp:featuredmedia":[{"embeddable":true,"href":"https:\/\/fleuryloirethandball.com\/index.php?rest_route=\/wp\/v2\/media\/2910"}],"wp:attachment":[{"href":"https:\/\/fleuryloirethandball.com\/index.php?rest_route=%2Fwp%2Fv2%2Fmedia&parent=2909"}],"wp:term":[{"taxonomy":"product_brand","embeddable":true,"href":"https:\/\/fleuryloirethandball.com\/index.php?rest_route=%2Fwp%2Fv2%2Fproduct_brand&post=2909"},{"taxonomy":"product_cat","embeddable":true,"href":"https:\/\/fleuryloirethandball.com\/index.php?rest_route=%2Fwp%2Fv2%2Fproduct_cat&post=2909"},{"taxonomy":"product_tag","embeddable":true,"href":"https:\/\/fleuryloirethandball.com\/index.php?rest_route=%2Fwp%2Fv2%2Fproduct_tag&post=2909"}],"curies":[{"name":"wp","href":"https:\/\/api.w.org\/{rel}","templated":true}]}}